{"id":2452,"date":"2020-03-17T21:07:25","date_gmt":"2020-03-17T20:07:25","guid":{"rendered":"http:\/\/www.hiroom.es\/?page_id=2452"},"modified":"2020-03-20T08:40:29","modified_gmt":"2020-03-20T07:40:29","slug":"cookies-policy","status":"publish","type":"page","link":"https:\/\/www.hiroom.es\/en\/cookies-policy\/","title":{"rendered":"Cookies Policy"},"content":{"rendered":"<p>Esta web utiliza cookies, tanto propias como de terceros. Una cookie es un fichero que se descarga en tu ordenador\/smartphone\/tablet al acceder a determinadas p\u00e1ginas web. Las cookies permiten a una p\u00e1gina web, entre otras cosas, almacenar y recuperar informaci\u00f3n sobre los h\u00e1bitos de navegaci\u00f3n de un usuario o de su equipo y, dependiendo de la informaci\u00f3n que contengan y de la forma en que utilice su equipo, pueden utilizarse para reconocer al usuario. Las principales finalidades de las cookies son las siguientes: Recopilar informaci\u00f3n con fines de estad\u00edstica y an\u00e1lisis de audiencias de nuestra p\u00e1gina web y ofrecer publicidad comportamental y personalizada tanto en este como en otros sitios web. Las cookies solo se descargan si la configuraci\u00f3n del navegador del usuario lo permite.<\/p>\n<h3>Cookies que se utilizan<\/h3>\n<p>A continuaci\u00f3n se listan las cookies que utiliza esta p\u00e1gina web y que pueden descargarse en su ordenador. Se clasifican en dos categor\u00edas principales:\u00a0<strong>T\u00e9cnicas <\/strong>y\u00a0de\u00a0<strong>An\u00e1lisis y publicidad<\/strong>. Las primeras son propias e imprescindibles para el correcto funcionamiento de la p\u00e1gina y almacenan valores como la sesi\u00f3n o el consentimiento de cookies, las segundas pueden ser propias o de terceros y tienen como fin el an\u00e1lisis y la recopilaci\u00f3n de datos de los visitantes con el fin de elaborar perfiles estad\u00edsticos y ofrecer publicidad personalizada.<\/p>\n<h3>Informaci\u00f3n que est\u00e1 siendo utilizada<\/h3>\n<div class=\"details_description--2fo80\"><span class=\"\">A continuaci\u00f3n se muestra la lista de datos que se pueden recopilar:<\/span><\/div>\n<div class=\"\">\n<ul>\n<li>Tipo y configuraci\u00f3n del navegador<\/li>\n<li>Informaci\u00f3n del sistema operativo<\/li>\n<li>Datos de cookies<\/li>\n<li>Informaci\u00f3n sobre el dispositivo utilizado<\/li>\n<li>La direcci\u00f3n IP desde la que el dispositivo accede al sitio web<\/li>\n<li>Informaci\u00f3n sobre la actividad del usuario en este dispositivo, incluidas las p\u00e1ginas web visitadas<\/li>\n<li>Informaci\u00f3n de geolocalizaci\u00f3n del dispositivo al acceder al sitio web<\/li>\n<\/ul>\n<h3>Opciones sobre cookies<\/h3>\n<p>Puedes cambiar tus preferencias de cookies en cualquier momento, aceptando o revocando tu consentimiento para recibir cookies analal\u00edticas y de publicidad. Las cookies t\u00e9cnicas ser\u00e1n descargadas siempre que lo permita la configuraci\u00f3n del navegador. A continuaci\u00f3n se muestran enlaces a las webs de los navegadores m\u00e1s populares, donde podr\u00e1s encontrar informaci\u00f3n sobre como borrar, restringir o permitir el uso de cookies en este y el resto de sitios web.<\/p>\n<ul>\n<li><strong>Google Chrome<\/strong>:\u00a0<a href=\"https:\/\/support.google.com\/chrome\/answer\/95647?hl=es\">https:\/\/support.google.com\/chrome\/answer\/95647?hl=es<\/a><\/li>\n<li><strong>Apple Safari (macOS)<\/strong>:\u00a0<a href=\"https:\/\/support.apple.com\/es-es\/guide\/safari\/manage-cookies-and-website-data-sfri11471\/mac\">https:\/\/support.apple.com\/es-es\/guide\/safari\/manage-cookies-and-website-data-sfri11471\/mac<\/a><\/li>\n<li><b>Apple Safari (iOS):\u00a0<\/b><a href=\"https:\/\/support.apple.com\/es-es\/HT201265\">https:\/\/support.apple.com\/es-es\/HT201265<\/a><\/li>\n<li><strong>Mozilla Firefox<\/strong>:\u00a0<a href=\"https:\/\/support.mozilla.org\/es\/kb\/Borrar%20cookies\">https:\/\/support.mozilla.org\/es\/kb\/Borrar%20cookies<\/a><\/li>\n<li><strong>Microsoft Edge<\/strong>:\u00a0\u00a0<a href=\"https:\/\/privacy.microsoft.com\/es-es\/windows-10-microsoft-edge-and-privacy\">https:\/\/privacy.microsoft.com\/es-es\/windows-10-microsoft-edge-and-privacy<\/a><\/li>\n<li><strong>Opera:\u00a0<\/strong><a href=\"http:\/\/help.opera.com\/Linux\/10.60\/es-ES\/cookies.html\">http:\/\/help.opera.com\/Linux\/10.60\/es-ES\/cookies.html<\/a><\/li>\n<li><strong>Android:\u00a0<\/strong>https:\/\/support.google.com\/accounts\/answer\/32050?co=GENIE.Platform%3DAndroid&amp;hl=es<\/li>\n<\/ul>\n<p>Adicionalmente, puede restringir el uso de cookies publicitarias de terceros para uno o varios proveedores en el siguiente enlace (Residentes en la Uni\u00f3n Europea):\u00a0<a href=\"http:\/\/www.youronlinechoices.com\/es\/preferencias\/\">http:\/\/www.youronlinechoices.com\/es\/preferencias<\/a>\u00a0o mediante el uso de una soluci\u00f3n de terceros en su navegador.<\/p>\n<\/div>\n","protected":false},"excerpt":{"rendered":"<p>Esta web utiliza cookies, tanto propias como de terceros. Una cookie es un fichero que se descarga en tu ordenador\/smartphone\/tablet&#8230; <a class=\"view-article\" href=\"https:\/\/www.hiroom.es\/en\/cookies-policy\/\">View Article<\/a><\/p>\n","protected":false},"author":1,"featured_media":0,"parent":0,"menu_order":0,"comment_status":"closed","ping_status":"open","template":"","meta":{"_acf_changed":false,"footnotes":""},"class_list":["post-2452","page","type-page","status-publish","hentry"],"acf":[],"yoast_head":"<!-- This site is optimized with the Yoast SEO plugin v27.4 - https:\/\/yoast.com\/product\/yoast-seo-wordpress\/ -->\n<title>Cookies Policy - Hi Room<\/title>\n<meta name=\"robots\" content=\"index, follow, max-snippet:-1, max-image-preview:large, max-video-preview:-1\" \/>\n<link rel=\"canonical\" href=\"https:\/\/www.hiroom.es\/en\/cookies-policy\/\" \/>\n<meta property=\"og:locale\" content=\"en_US\" \/>\n<meta property=\"og:type\" content=\"article\" \/>\n<meta property=\"og:title\" content=\"Cookies Policy - Hi Room\" \/>\n<meta property=\"og:description\" content=\"Esta web utiliza cookies, tanto propias como de terceros. Una cookie es un fichero que se descarga en tu ordenador\/smartphone\/tablet... View Article\" \/>\n<meta property=\"og:url\" content=\"https:\/\/www.hiroom.es\/en\/cookies-policy\/\" \/>\n<meta property=\"og:site_name\" content=\"Hi Room\" \/>\n<meta property=\"article:modified_time\" content=\"2020-03-20T07:40:29+00:00\" \/>\n<meta name=\"twitter:card\" content=\"summary_large_image\" \/>\n<meta name=\"twitter:label1\" content=\"Est. reading time\" \/>\n\t<meta name=\"twitter:data1\" content=\"3 minutes\" \/>\n<script type=\"application\/ld+json\" class=\"yoast-schema-graph\">{\"@context\":\"https:\\\/\\\/schema.org\",\"@graph\":[{\"@type\":\"WebPage\",\"@id\":\"https:\\\/\\\/www.hiroom.es\\\/en\\\/cookies-policy\\\/\",\"url\":\"https:\\\/\\\/www.hiroom.es\\\/en\\\/cookies-policy\\\/\",\"name\":\"Cookies Policy - Hi Room\",\"isPartOf\":{\"@id\":\"https:\\\/\\\/www.hiroom.es\\\/en\\\/#website\"},\"datePublished\":\"2020-03-17T20:07:25+00:00\",\"dateModified\":\"2020-03-20T07:40:29+00:00\",\"breadcrumb\":{\"@id\":\"https:\\\/\\\/www.hiroom.es\\\/en\\\/cookies-policy\\\/#breadcrumb\"},\"inLanguage\":\"en-US\",\"potentialAction\":[{\"@type\":\"ReadAction\",\"target\":[\"https:\\\/\\\/www.hiroom.es\\\/en\\\/cookies-policy\\\/\"]}]},{\"@type\":\"BreadcrumbList\",\"@id\":\"https:\\\/\\\/www.hiroom.es\\\/en\\\/cookies-policy\\\/#breadcrumb\",\"itemListElement\":[{\"@type\":\"ListItem\",\"position\":1,\"name\":\"Portada\",\"item\":\"https:\\\/\\\/www.hiroom.es\\\/en\\\/\"},{\"@type\":\"ListItem\",\"position\":2,\"name\":\"Cookies Policy\"}]},{\"@type\":\"WebSite\",\"@id\":\"https:\\\/\\\/www.hiroom.es\\\/en\\\/#website\",\"url\":\"https:\\\/\\\/www.hiroom.es\\\/en\\\/\",\"name\":\"Hi Room\",\"description\":\"\",\"potentialAction\":[{\"@type\":\"SearchAction\",\"target\":{\"@type\":\"EntryPoint\",\"urlTemplate\":\"https:\\\/\\\/www.hiroom.es\\\/en\\\/?s={search_term_string}\"},\"query-input\":{\"@type\":\"PropertyValueSpecification\",\"valueRequired\":true,\"valueName\":\"search_term_string\"}}],\"inLanguage\":\"en-US\"}]}<\/script>\n<!-- \/ Yoast SEO plugin. -->","yoast_head_json":{"title":"Cookies Policy - Hi Room","robots":{"index":"index","follow":"follow","max-snippet":"max-snippet:-1","max-image-preview":"max-image-preview:large","max-video-preview":"max-video-preview:-1"},"canonical":"https:\/\/www.hiroom.es\/en\/cookies-policy\/","og_locale":"en_US","og_type":"article","og_title":"Cookies Policy - Hi Room","og_description":"Esta web utiliza cookies, tanto propias como de terceros. Una cookie es un fichero que se descarga en tu ordenador\/smartphone\/tablet... View Article","og_url":"https:\/\/www.hiroom.es\/en\/cookies-policy\/","og_site_name":"Hi Room","article_modified_time":"2020-03-20T07:40:29+00:00","twitter_card":"summary_large_image","twitter_misc":{"Est. reading time":"3 minutes"},"schema":{"@context":"https:\/\/schema.org","@graph":[{"@type":"WebPage","@id":"https:\/\/www.hiroom.es\/en\/cookies-policy\/","url":"https:\/\/www.hiroom.es\/en\/cookies-policy\/","name":"Cookies Policy - Hi Room","isPartOf":{"@id":"https:\/\/www.hiroom.es\/en\/#website"},"datePublished":"2020-03-17T20:07:25+00:00","dateModified":"2020-03-20T07:40:29+00:00","breadcrumb":{"@id":"https:\/\/www.hiroom.es\/en\/cookies-policy\/#breadcrumb"},"inLanguage":"en-US","potentialAction":[{"@type":"ReadAction","target":["https:\/\/www.hiroom.es\/en\/cookies-policy\/"]}]},{"@type":"BreadcrumbList","@id":"https:\/\/www.hiroom.es\/en\/cookies-policy\/#breadcrumb","itemListElement":[{"@type":"ListItem","position":1,"name":"Portada","item":"https:\/\/www.hiroom.es\/en\/"},{"@type":"ListItem","position":2,"name":"Cookies Policy"}]},{"@type":"WebSite","@id":"https:\/\/www.hiroom.es\/en\/#website","url":"https:\/\/www.hiroom.es\/en\/","name":"Hi Room","description":"","potentialAction":[{"@type":"SearchAction","target":{"@type":"EntryPoint","urlTemplate":"https:\/\/www.hiroom.es\/en\/?s={search_term_string}"},"query-input":{"@type":"PropertyValueSpecification","valueRequired":true,"valueName":"search_term_string"}}],"inLanguage":"en-US"}]}},"_links":{"self":[{"href":"https:\/\/www.hiroom.es\/en\/wp-json\/wp\/v2\/pages\/2452","targetHints":{"allow":["GET"]}}],"collection":[{"href":"https:\/\/www.hiroom.es\/en\/wp-json\/wp\/v2\/pages"}],"about":[{"href":"https:\/\/www.hiroom.es\/en\/wp-json\/wp\/v2\/types\/page"}],"author":[{"embeddable":true,"href":"https:\/\/www.hiroom.es\/en\/wp-json\/wp\/v2\/users\/1"}],"replies":[{"embeddable":true,"href":"https:\/\/www.hiroom.es\/en\/wp-json\/wp\/v2\/comments?post=2452"}],"version-history":[{"count":4,"href":"https:\/\/www.hiroom.es\/en\/wp-json\/wp\/v2\/pages\/2452\/revisions"}],"predecessor-version":[{"id":2631,"href":"https:\/\/www.hiroom.es\/en\/wp-json\/wp\/v2\/pages\/2452\/revisions\/2631"}],"wp:attachment":[{"href":"https:\/\/www.hiroom.es\/en\/wp-json\/wp\/v2\/media?parent=2452"}],"curies":[{"name":"wp","href":"https:\/\/api.w.org\/{rel}","templated":true}]}}